{"id":205,"date":"2025-12-10T13:02:27","date_gmt":"2025-12-10T12:02:27","guid":{"rendered":"https:\/\/brightlyhomestaging.be\/a-propos\/"},"modified":"2026-05-12T16:13:39","modified_gmt":"2026-05-12T14:13:39","slug":"a-propos","status":"publish","type":"page","link":"https:\/\/brightlyhomestaging.be\/fr\/a-propos\/","title":{"rendered":"\u00c0 propos"},"content":{"rendered":"\n<div class=\"wp-block-group alignfull is-style-section-1 has-background has-global-padding is-content-justification-center is-layout-constrained wp-container-core-group-is-layout-d83879a9 wp-block-group-is-layout-constrained\" style=\"background-color:#e8dad9;margin-top:0;margin-bottom:0;padding-top:var(--wp--preset--spacing--50);padding-bottom:var(--wp--preset--spacing--50)\">\n<div class=\"wp-block-columns alignwide is-layout-flex wp-container-core-columns-is-layout-bb02a918 wp-block-columns-is-layout-flex\">\n<div class=\"wp-block-column is-vertically-aligned-center has-global-padding is-content-justification-left is-layout-constrained wp-container-core-column-is-layout-6c1f5567 wp-block-column-is-layout-constrained\" style=\"flex-basis:50%\">\n<h2 class=\"wp-block-heading alignwide\">Ravie de vous rencontrer !<\/h2>\n\n\n\n<div style=\"margin-top:0;margin-bottom:0;height:18px\" aria-hidden=\"true\" class=\"wp-block-spacer\"><\/div>\n\n\n\n<div class=\"wp-block-group is-vertical is-nowrap is-layout-flex wp-container-core-group-is-layout-a5f82093 wp-block-group-is-layout-flex\" style=\"margin-top:0;margin-bottom:0\">\n<p class=\"is-service-description wp-block-paragraph\">Bonjour, je suis Dominique, fondatrice de Brightly Home Staging, une entreprise de home staging bas\u00e9e en Belgique et d\u00e9di\u00e9e \u00e0 aider les propri\u00e9taires qui souhaitent vendre leur bien \u00e0 obtenir les meilleurs r\u00e9sultats possibles sur le march\u00e9 immobilier concurrentiel d&rsquo;aujourd&rsquo;hui. En d&rsquo;autres termes, je fais en sorte que les acheteurs tombent amoureux de votre bien.<\/p>\n\n\n\n<p class=\"wp-block-paragraph\">Originaire du Canada (Qu\u00e9bec), o\u00f9 le home staging est une pratique courante dans l&rsquo;immobilier depuis des d\u00e9cennies, j&rsquo;ai \u00e9t\u00e9 tr\u00e8s t\u00f4t expos\u00e9e \u00e0 l&rsquo;impact puissant que le home staging peut avoir sur la vente d&rsquo;un bien. Habitant maintenant en Belgique depuis plus de 15 ans et fi\u00e8re maman de deux jeunes enfants, je combine cette perspective nord-am\u00e9ricaine avec une solide compr\u00e9hension du march\u00e9 belge et de la vie de famille.<\/p>\n\n\n\n<p class=\"wp-block-paragraph\">Passionn\u00e9e par le design d&rsquo;int\u00e9rieur, l&rsquo;esth\u00e9tique du style de vie et le marketing immobilier, j&rsquo;ai r\u00e9alis\u00e9 \u00e0 quel point il est essentiel que les biens \u00e9tablissent une connexion \u00e9motionnelle imm\u00e9diate avec les acheteurs. Au fil des ans, j&rsquo;ai constat\u00e9 comment de petits ajustements (couleur, disposition, lumi\u00e8re et d\u00e9coration) peuvent influencer consid\u00e9rablement l&rsquo;int\u00e9r\u00eat, les offres et le prix de vente. Surtout en Belgique, o\u00f9 les propri\u00e9t\u00e9s sont souvent vendues avec des encombrements, de vieux meubles et des pi\u00e8ces d\u00e9mod\u00e9es ou laiss\u00e9es vides, en esp\u00e9rant que les acheteurs soient capable de se projeter.<\/p>\n\n\n\n<p class=\"wp-block-paragraph\">Mon approche est \u00e0 la fois cr\u00e9ative et pratique\u00a0: je me concentre sur la mise en valeur du plein potentiel de la propri\u00e9t\u00e9 tout en gardant \u00e0 l&rsquo;esprit la psychologie de l&rsquo;acheteur, les tendances du march\u00e9 et les donn\u00e9es d\u00e9mographiques locales. Je cr\u00e9e des espaces propres, accueillants et modernes qui mettent en \u00e9vidence les atouts du bien, sans r\u00e9novations lourdes ni d\u00e9penses inutiles.<\/p>\n\n\n\n<p class=\"wp-block-paragraph\">Pour moi, le home staging ne consiste pas seulement \u00e0 d\u00e9corer un bien. Il s&rsquo;agit de <strong>raconter son histoire<\/strong>, d&rsquo;aider les acheteurs potentiels \u00e0 se connecter \u00e9motionnellement d\u00e8s qu&rsquo;ils entrent, et de donner aux vendeurs les meilleures chances possibles de r\u00e9aliser une vente rapide et r\u00e9ussie.<\/p>\n\n\n\n<p class=\"wp-block-paragraph\">Chaque bien a du potentiel. Je suis l\u00e0 pour le r\u00e9v\u00e9ler.<\/p>\n\n\n\n<p class=\"is-service-description wp-block-paragraph\">Si vous souhaitez que votre bien se d\u00e9marque sur le march\u00e9 belge actuel, je serais ravie de vous aider \u00e0 la transformer.<\/p>\n\n\n\n<div class=\"wp-block-buttons is-layout-flex wp-block-buttons-is-layout-flex\">\n<div class=\"wp-block-button\"><a class=\"wp-block-button__link wp-element-button\" href=\"&lt;!--[CDATA[https:\/\/brightlyhomestaging.be\/services\/]]--&gt;\">En savoir plus<\/a><\/div>\n<\/div>\n<\/div>\n\n\n\n<div style=\"margin-top:0;margin-bottom:0;height:18px\" aria-hidden=\"true\" class=\"wp-block-spacer\"><\/div>\n<\/div>\n\n\n\n<div class=\"wp-block-column is-layout-flow wp-block-column-is-layout-flow\" style=\"flex-basis:50%\">\n<figure class=\"wp-block-image size-full is-style-rounded is-style-rounded--1\"><img data-recalc-dims=\"1\" loading=\"lazy\" decoding=\"async\" width=\"1440\" height=\"910\" src=\"https:\/\/i0.wp.com\/brightlyhomestaging.be\/wp-content\/uploads\/2026\/05\/Dominique-photo-website.webp?resize=1440%2C910&#038;ssl=1\" alt=\"Dominique Cornut-Pasterski est la propri&#xE9;taire de Brightly Home Staging &#xE0; Bruxelles, Belgique. \" class=\"wp-image-530\" style=\"aspect-ratio:3\/4;object-fit:cover\" title=\"Dominique Cornut-Pasterski, propri&#xE9;taire de Brightly Home Staging\" srcset=\"https:\/\/i0.wp.com\/brightlyhomestaging.be\/wp-content\/uploads\/2026\/05\/Dominique-photo-website.webp?w=1440&amp;ssl=1 1440w, https:\/\/i0.wp.com\/brightlyhomestaging.be\/wp-content\/uploads\/2026\/05\/Dominique-photo-website.webp?resize=300%2C190&amp;ssl=1 300w, https:\/\/i0.wp.com\/brightlyhomestaging.be\/wp-content\/uploads\/2026\/05\/Dominique-photo-website.webp?resize=1024%2C647&amp;ssl=1 1024w, https:\/\/i0.wp.com\/brightlyhomestaging.be\/wp-content\/uploads\/2026\/05\/Dominique-photo-website.webp?resize=768%2C485&amp;ssl=1 768w, https:\/\/i0.wp.com\/brightlyhomestaging.be\/wp-content\/uploads\/2026\/05\/Dominique-photo-website.webp?resize=1200%2C758&amp;ssl=1 1200w\" sizes=\"auto, (max-width: 1000px) 100vw, 1000px\" \/><\/figure>\n<\/div>\n<\/div>\n<\/div>\n\n<div class=\"wp-block-group alignfull has-global-padding is-layout-constrained wp-container-core-group-is-layout-f5ffc0a8 wp-block-group-is-layout-constrained\" style=\"margin-top:0;margin-bottom:0;padding-top:var(--wp--preset--spacing--50);padding-right:var(--wp--preset--spacing--50);padding-bottom:var(--wp--preset--spacing--50);padding-left:var(--wp--preset--spacing--50)\">\n<h1 class=\"wp-block-heading has-text-align-center has-x-large-font-size\"><em>Ma mission est simple : faire briller votre bien et vous aider \u00e0 vendre plus rapidement, plus facilement et \u00e0 un meilleur prix.<\/em><\/h1>\n<\/div>\n","protected":false},"excerpt":{"rendered":"<p>Ravie de vous rencontrer ! Bonjour, je suis Dominique, fondatrice de Brightly Home Staging, une entreprise de home staging bas\u00e9e en Belgique et d\u00e9di\u00e9e \u00e0 aider les propri\u00e9taires qui souhaitent vendre leur bien \u00e0 obtenir les meilleurs r\u00e9sultats possibles sur le march\u00e9 immobilier concurrentiel d&rsquo;aujourd&rsquo;hui. En d&rsquo;autres termes, je fais en sorte que les acheteurs [&hellip;]<\/p>\n","protected":false},"author":273737208,"featured_media":0,"parent":0,"menu_order":0,"comment_status":"closed","ping_status":"closed","template":"","meta":{"_crdt_document":"","footnotes":""},"class_list":["post-205","page","type-page","status-publish","hentry"],"yoast_head":"<!-- This site is optimized with the Yoast SEO plugin v27.6 - https:\/\/yoast.com\/product\/yoast-seo-wordpress\/ -->\n<title>\u00c0 propos - Brightly Home Staging<\/title>\n<meta name=\"description\" content=\"D\u00e9couvrez comment un expert en home staging \u00e0 Bruxelles, Belgique peut vous aider \u00e0 attirer des acheteurs et \u00e0 vendre votre propri\u00e9t\u00e9 plus rapidement.\" \/>\n<meta name=\"robots\" content=\"index, follow, max-snippet:-1, max-image-preview:large, max-video-preview:-1\" \/>\n<link rel=\"canonical\" href=\"https:\/\/brightlyhomestaging.be\/fr\/a-propos\/\" \/>\n<meta property=\"og:locale\" content=\"fr_FR\" \/>\n<meta property=\"og:type\" content=\"article\" \/>\n<meta property=\"og:title\" content=\"\u00c0 propos - Brightly Home Staging\" \/>\n<meta property=\"og:description\" content=\"D\u00e9couvrez comment un expert en home staging \u00e0 Bruxelles, Belgique peut vous aider \u00e0 attirer des acheteurs et \u00e0 vendre votre propri\u00e9t\u00e9 plus rapidement.\" \/>\n<meta property=\"og:url\" content=\"https:\/\/brightlyhomestaging.be\/fr\/a-propos\/\" \/>\n<meta property=\"og:site_name\" content=\"Brightly Home Staging\" \/>\n<meta property=\"article:modified_time\" content=\"2026-05-12T14:13:39+00:00\" \/>\n<meta property=\"og:image\" content=\"https:\/\/brightlyhomestaging.be\/wp-content\/uploads\/2026\/05\/Dominique-photo-website.webp\" \/>\n<meta name=\"twitter:card\" content=\"summary_large_image\" \/>\n<meta name=\"twitter:label1\" content=\"Dur\u00e9e de lecture estim\u00e9e\" \/>\n\t<meta name=\"twitter:data1\" content=\"2 minutes\" \/>\n<script type=\"application\/ld+json\" class=\"yoast-schema-graph\">{\"@context\":\"https:\\\/\\\/schema.org\",\"@graph\":[{\"@type\":\"WebPage\",\"@id\":\"https:\\\/\\\/brightlyhomestaging.be\\\/fr\\\/a-propos\\\/\",\"url\":\"https:\\\/\\\/brightlyhomestaging.be\\\/fr\\\/a-propos\\\/\",\"name\":\"\u00c0 propos - Brightly Home Staging\",\"isPartOf\":{\"@id\":\"https:\\\/\\\/brightlyhomestaging.be\\\/fr\\\/#website\"},\"primaryImageOfPage\":{\"@id\":\"https:\\\/\\\/brightlyhomestaging.be\\\/fr\\\/a-propos\\\/#primaryimage\"},\"image\":{\"@id\":\"https:\\\/\\\/brightlyhomestaging.be\\\/fr\\\/a-propos\\\/#primaryimage\"},\"thumbnailUrl\":\"https:\\\/\\\/brightlyhomestaging.be\\\/wp-content\\\/uploads\\\/2026\\\/05\\\/Dominique-photo-website.webp\",\"datePublished\":\"2025-12-10T12:02:27+00:00\",\"dateModified\":\"2026-05-12T14:13:39+00:00\",\"description\":\"D\u00e9couvrez comment un expert en home staging \u00e0 Bruxelles, Belgique peut vous aider \u00e0 attirer des acheteurs et \u00e0 vendre votre propri\u00e9t\u00e9 plus rapidement.\",\"breadcrumb\":{\"@id\":\"https:\\\/\\\/brightlyhomestaging.be\\\/fr\\\/a-propos\\\/#breadcrumb\"},\"inLanguage\":\"fr-FR\",\"potentialAction\":[{\"@type\":\"ReadAction\",\"target\":[\"https:\\\/\\\/brightlyhomestaging.be\\\/fr\\\/a-propos\\\/\"]}]},{\"@type\":\"ImageObject\",\"inLanguage\":\"fr-FR\",\"@id\":\"https:\\\/\\\/brightlyhomestaging.be\\\/fr\\\/a-propos\\\/#primaryimage\",\"url\":\"https:\\\/\\\/brightlyhomestaging.be\\\/wp-content\\\/uploads\\\/2026\\\/05\\\/Dominique-photo-website.webp\",\"contentUrl\":\"https:\\\/\\\/brightlyhomestaging.be\\\/wp-content\\\/uploads\\\/2026\\\/05\\\/Dominique-photo-website.webp\"},{\"@type\":\"BreadcrumbList\",\"@id\":\"https:\\\/\\\/brightlyhomestaging.be\\\/fr\\\/a-propos\\\/#breadcrumb\",\"itemListElement\":[{\"@type\":\"ListItem\",\"position\":1,\"name\":\"Accueil\",\"item\":\"https:\\\/\\\/brightlyhomestaging.be\\\/fr\\\/\"},{\"@type\":\"ListItem\",\"position\":2,\"name\":\"\u00c0 propos\"}]},{\"@type\":\"WebSite\",\"@id\":\"https:\\\/\\\/brightlyhomestaging.be\\\/fr\\\/#website\",\"url\":\"https:\\\/\\\/brightlyhomestaging.be\\\/fr\\\/\",\"name\":\"Brightly Home Staging\",\"description\":\"Home staging services and interior decor services\",\"publisher\":{\"@id\":\"https:\\\/\\\/brightlyhomestaging.be\\\/fr\\\/#organization\"},\"potentialAction\":[{\"@type\":\"SearchAction\",\"target\":{\"@type\":\"EntryPoint\",\"urlTemplate\":\"https:\\\/\\\/brightlyhomestaging.be\\\/fr\\\/?s={search_term_string}\"},\"query-input\":{\"@type\":\"PropertyValueSpecification\",\"valueRequired\":true,\"valueName\":\"search_term_string\"}}],\"inLanguage\":\"fr-FR\"},{\"@type\":\"Organization\",\"@id\":\"https:\\\/\\\/brightlyhomestaging.be\\\/fr\\\/#organization\",\"name\":\"Brightly Home Staging\",\"url\":\"https:\\\/\\\/brightlyhomestaging.be\\\/fr\\\/\",\"logo\":{\"@type\":\"ImageObject\",\"inLanguage\":\"fr-FR\",\"@id\":\"https:\\\/\\\/brightlyhomestaging.be\\\/fr\\\/#\\\/schema\\\/logo\\\/image\\\/\",\"url\":\"https:\\\/\\\/i0.wp.com\\\/brightlyhomestaging.be\\\/wp-content\\\/uploads\\\/2026\\\/05\\\/Brightly_Home_Staging_LOGO_cercle.webp?fit=390%2C390&ssl=1\",\"contentUrl\":\"https:\\\/\\\/i0.wp.com\\\/brightlyhomestaging.be\\\/wp-content\\\/uploads\\\/2026\\\/05\\\/Brightly_Home_Staging_LOGO_cercle.webp?fit=390%2C390&ssl=1\",\"width\":390,\"height\":390,\"caption\":\"Brightly Home Staging\"},\"image\":{\"@id\":\"https:\\\/\\\/brightlyhomestaging.be\\\/fr\\\/#\\\/schema\\\/logo\\\/image\\\/\"},\"sameAs\":[\"https:\\\/\\\/www.instagram.com\\\/brightlyhomestaging\\\/\"]}]}<\/script>\n<!-- \/ Yoast SEO plugin. -->","yoast_head_json":{"title":"\u00c0 propos - Brightly Home Staging","description":"D\u00e9couvrez comment un expert en home staging \u00e0 Bruxelles, Belgique peut vous aider \u00e0 attirer des acheteurs et \u00e0 vendre votre propri\u00e9t\u00e9 plus rapidement.","robots":{"index":"index","follow":"follow","max-snippet":"max-snippet:-1","max-image-preview":"max-image-preview:large","max-video-preview":"max-video-preview:-1"},"canonical":"https:\/\/brightlyhomestaging.be\/fr\/a-propos\/","og_locale":"fr_FR","og_type":"article","og_title":"\u00c0 propos - Brightly Home Staging","og_description":"D\u00e9couvrez comment un expert en home staging \u00e0 Bruxelles, Belgique peut vous aider \u00e0 attirer des acheteurs et \u00e0 vendre votre propri\u00e9t\u00e9 plus rapidement.","og_url":"https:\/\/brightlyhomestaging.be\/fr\/a-propos\/","og_site_name":"Brightly Home Staging","article_modified_time":"2026-05-12T14:13:39+00:00","og_image":[{"url":"https:\/\/brightlyhomestaging.be\/wp-content\/uploads\/2026\/05\/Dominique-photo-website.webp","type":"","width":"","height":""}],"twitter_card":"summary_large_image","twitter_misc":{"Dur\u00e9e de lecture estim\u00e9e":"2 minutes"},"schema":{"@context":"https:\/\/schema.org","@graph":[{"@type":"WebPage","@id":"https:\/\/brightlyhomestaging.be\/fr\/a-propos\/","url":"https:\/\/brightlyhomestaging.be\/fr\/a-propos\/","name":"\u00c0 propos - Brightly Home Staging","isPartOf":{"@id":"https:\/\/brightlyhomestaging.be\/fr\/#website"},"primaryImageOfPage":{"@id":"https:\/\/brightlyhomestaging.be\/fr\/a-propos\/#primaryimage"},"image":{"@id":"https:\/\/brightlyhomestaging.be\/fr\/a-propos\/#primaryimage"},"thumbnailUrl":"https:\/\/brightlyhomestaging.be\/wp-content\/uploads\/2026\/05\/Dominique-photo-website.webp","datePublished":"2025-12-10T12:02:27+00:00","dateModified":"2026-05-12T14:13:39+00:00","description":"D\u00e9couvrez comment un expert en home staging \u00e0 Bruxelles, Belgique peut vous aider \u00e0 attirer des acheteurs et \u00e0 vendre votre propri\u00e9t\u00e9 plus rapidement.","breadcrumb":{"@id":"https:\/\/brightlyhomestaging.be\/fr\/a-propos\/#breadcrumb"},"inLanguage":"fr-FR","potentialAction":[{"@type":"ReadAction","target":["https:\/\/brightlyhomestaging.be\/fr\/a-propos\/"]}]},{"@type":"ImageObject","inLanguage":"fr-FR","@id":"https:\/\/brightlyhomestaging.be\/fr\/a-propos\/#primaryimage","url":"https:\/\/brightlyhomestaging.be\/wp-content\/uploads\/2026\/05\/Dominique-photo-website.webp","contentUrl":"https:\/\/brightlyhomestaging.be\/wp-content\/uploads\/2026\/05\/Dominique-photo-website.webp"},{"@type":"BreadcrumbList","@id":"https:\/\/brightlyhomestaging.be\/fr\/a-propos\/#breadcrumb","itemListElement":[{"@type":"ListItem","position":1,"name":"Accueil","item":"https:\/\/brightlyhomestaging.be\/fr\/"},{"@type":"ListItem","position":2,"name":"\u00c0 propos"}]},{"@type":"WebSite","@id":"https:\/\/brightlyhomestaging.be\/fr\/#website","url":"https:\/\/brightlyhomestaging.be\/fr\/","name":"Brightly Home Staging","description":"Home staging services and interior decor services","publisher":{"@id":"https:\/\/brightlyhomestaging.be\/fr\/#organization"},"potentialAction":[{"@type":"SearchAction","target":{"@type":"EntryPoint","urlTemplate":"https:\/\/brightlyhomestaging.be\/fr\/?s={search_term_string}"},"query-input":{"@type":"PropertyValueSpecification","valueRequired":true,"valueName":"search_term_string"}}],"inLanguage":"fr-FR"},{"@type":"Organization","@id":"https:\/\/brightlyhomestaging.be\/fr\/#organization","name":"Brightly Home Staging","url":"https:\/\/brightlyhomestaging.be\/fr\/","logo":{"@type":"ImageObject","inLanguage":"fr-FR","@id":"https:\/\/brightlyhomestaging.be\/fr\/#\/schema\/logo\/image\/","url":"https:\/\/i0.wp.com\/brightlyhomestaging.be\/wp-content\/uploads\/2026\/05\/Brightly_Home_Staging_LOGO_cercle.webp?fit=390%2C390&ssl=1","contentUrl":"https:\/\/i0.wp.com\/brightlyhomestaging.be\/wp-content\/uploads\/2026\/05\/Brightly_Home_Staging_LOGO_cercle.webp?fit=390%2C390&ssl=1","width":390,"height":390,"caption":"Brightly Home Staging"},"image":{"@id":"https:\/\/brightlyhomestaging.be\/fr\/#\/schema\/logo\/image\/"},"sameAs":["https:\/\/www.instagram.com\/brightlyhomestaging\/"]}]}},"jetpack_likes_enabled":true,"jetpack_sharing_enabled":true,"jetpack_shortlink":"https:\/\/wp.me\/PgVkWn-3j","jetpack-related-posts":[],"_links":{"self":[{"href":"https:\/\/brightlyhomestaging.be\/fr\/wp-json\/wp\/v2\/pages\/205","targetHints":{"allow":["GET"]}}],"collection":[{"href":"https:\/\/brightlyhomestaging.be\/fr\/wp-json\/wp\/v2\/pages"}],"about":[{"href":"https:\/\/brightlyhomestaging.be\/fr\/wp-json\/wp\/v2\/types\/page"}],"author":[{"embeddable":true,"href":"https:\/\/brightlyhomestaging.be\/fr\/wp-json\/wp\/v2\/users\/273737208"}],"replies":[{"embeddable":true,"href":"https:\/\/brightlyhomestaging.be\/fr\/wp-json\/wp\/v2\/comments?post=205"}],"version-history":[{"count":9,"href":"https:\/\/brightlyhomestaging.be\/fr\/wp-json\/wp\/v2\/pages\/205\/revisions"}],"predecessor-version":[{"id":626,"href":"https:\/\/brightlyhomestaging.be\/fr\/wp-json\/wp\/v2\/pages\/205\/revisions\/626"}],"wp:attachment":[{"href":"https:\/\/brightlyhomestaging.be\/fr\/wp-json\/wp\/v2\/media?parent=205"}],"curies":[{"name":"wp","href":"https:\/\/api.w.org\/{rel}","templated":true}]}}